{"id":1768,"date":"2017-06-08T15:13:17","date_gmt":"2017-06-08T13:13:17","guid":{"rendered":"http:\/\/www.bpmes.es\/?page_id=1768"},"modified":"2017-11-10T12:16:55","modified_gmt":"2017-11-10T11:16:55","slug":"otros-sectores","status":"publish","type":"page","link":"https:\/\/www.bpmes.es\/en\/otros-sectores\/","title":{"rendered":"Other sectors"},"content":{"rendered":"<p><\/p>\n<h4>Headhunting, Selecci\u00f3n de Directivos, Assessment Center y Evaluaci\u00f3n de Personal<\/h4>\n<hr \/>\n<p style=\"text-align: justify;\"><br \/>\nNuestra experiencia en el \u00e1rea de Servicios Financieros, est\u00e1 avalada por una selecci\u00f3n de clientes que han confiando en BPM para la b\u00fasqueda de Directivos y Mandos en distintas \u00e1reas:<\/p>\n<ul style=\"text-align: justify;\">\n<li>Servicios Centrales (Riesgos, Marketing &amp; CRM)<\/li>\n<li>Banca Comercial<\/li>\n<li>Gestoras de Fondos y Banca Privada<\/li>\n<li>Banca de Empresas (Pymes)<\/li>\n<li>Banca Corporativa<\/li>\n<\/ul>\n<p style=\"text-align: justify;\"><br \/>\nEl sector de Seguros en nuestro pa\u00eds est\u00e1 inmerso en una situaci\u00f3n de cambio, impuesto por nuevos productos;nuevos canales de distribuci\u00f3n.<\/p>\n<p style=\"text-align: justify;\">Trabajamos para compa\u00f1\u00edas de Seguros de diferentes ramos:\u00a0Cr\u00e9dito, Automoci\u00f3n, Hogar, Atenci\u00f3n Sanitaria.<br \/>\n<br \/>\nTrabajamos para firmas de consultor\u00eda en sectores muy diversos: Telecomunicaciones, Banca, Seguros, Automoci\u00f3n, Utilities.<\/p>\n<p style=\"text-align: justify;\">En este sector buscamos Socios, Directores y Senior Manager.<br \/>\n<br \/>\nEn este sector que ha tenido una expansi\u00f3n y desarrollo espectacular en los \u00faltimos a\u00f1os, hemos trabajado la b\u00fasqueda de profesionales con experiencia muy variada:<\/p>\n<ul style=\"text-align: justify;\">\n<li>Directores de Marketing y Comerciales<\/li>\n<li>Directores T\u00e9cnicos<\/li>\n<li>Directores de Expansi\u00f3n<\/li>\n<li>Profesionales del Project Management<\/li>\n<\/ul>\n<p style=\"text-align: justify;\"><br \/>\nNuestra experiencia en este sector, que est\u00e1 jugando un papel fundamental en el proceso de transformaci\u00f3n de\u00a0los negocios y las personas, se extiende a las \u00e1reas de:<\/p>\n<ul style=\"text-align: justify;\">\n<li>Software \/ Hardware<\/li>\n<li>Telecomunicaciones<\/li>\n<li>Internet \/ E-Commerce<\/li>\n<\/ul>\n<p style=\"text-align: justify;\"><br \/>\nLa experiencia en Industria de BPM incluye las b\u00fasquedas y consultor\u00eda de RRHH en los sectores de Automoci\u00f3n, Laboratorios Farmac\u00e9uticos, Energ\u00eda, Industria Pl\u00e1stica, Auxiliar de la Construcci\u00f3n, de Reciclaje, etc.<br \/>\n<br \/>\nBPM ha ayudado a empresas familiares en el tr\u00e1nsito entre primera y segunda generaci\u00f3n y en la profesionalizaci\u00f3n y la transici\u00f3n de los Equipos Directivos en la fase de crecimiento de estas compa\u00f1\u00edas.<br \/>\n<\/p>\n<p><\/p>\n<p>Solicite un estudio personalizado para la posici\u00f3n que busca.<\/p>\n<p><\/p>\n<p>Para formar parte de nuestra bolsa de candidatos, env\u00ede sus datos.<\/p>\n<p><\/p>\n<h4>Headhunting, Executive Selection, Assessment Center and Staff Evaluation<\/h4>\n<hr>\n<p style=\"text-align: justify;\">Our experience in the Financial Services area is supported by a number of clients who have trusted BPM to search for Executives and Managers in different areas:<\/p>\n<ul style=\"text-align: justify;\">\n<li>Central Services (Risks, Marketing &amp; CRM)<\/li>\n<li>Commercial Banking<\/li>\n<li>Fund Managers and Private Banking<\/li>\n<li>Business Banking (SMEs)<\/li>\n<li>Corporate Banking<\/li>\n<\/ul>\n<p style=\"text-align: justify;\"> The Insurance sector in Spain is currently engrossed in a process of change, imposed by new products; new distribution channels.<\/p>\n<p style=\"text-align: justify;\">We work for insurance companies in many areas: Credit, Automotive, Home, Health Care.<br \/>\n We work for consultancy firms in very diverse sectors: Telecommunications, Banking, Insurance, Automotive, Utilities.<\/p>\n<p style=\"text-align: justify;\">In this sector we are looking for Partners, Directors and Senior Managers.<br \/>\n In this sector which has undergone spectacular expansion and development in recent years, we have worked on the search for professionals with different degrees of experience:<\/p>\n<ul style=\"text-align: justify;\">\n<li>Marketing and Sales Directors<\/li>\n<li>Technical Directors<\/li>\n<li>Expansion Directors<\/li>\n<li>Project Management Professionals<\/li>\n<\/ul>\n<p style=\"text-align: justify;\"> Our experience in this sector, which is playing a fundamental role in the process of transforming businesses and people, extends to the areas of:<\/p>\n<ul style=\"text-align: justify;\">\n<li>Software \/ Hardware<\/li>\n<li>Telecommunications<\/li>\n<li>Internet \/ E-Commerce<\/li>\n<\/ul>\n<p style=\"text-align: justify;\"> BPM\u2019s experience in Industry includes HR searches and consultancy in sectors like Automotive, Pharmaceutical Laboratories, Energy, Plastics Industry, Construction Supplies, Recycling, etc.<br \/>\n BPM has helped family businesses over the generation threshold and in the professionalization and transition of the Management Teams in the growth phase of these companies.<br \/>\n<\/p>\n<p><\/p>\n<p>Request a custom-designed search for the position you wish to cover.<\/p>\n<p style=\"text-align: justify;\">\n<p><\/p>\n<p>Send us your details in order to join our database of candidates.<\/p>\n<p style=\"text-align: justify;\">\n<p><\/p>\n","protected":false},"excerpt":{"rendered":"<p>Headhunting, Selecci\u00f3n de Directivos, Assessment Center y Evaluaci\u00f3n de Personal Nuestra experiencia en el \u00e1rea de Servicios Financieros, est\u00e1 avalada por una selecci\u00f3n de clientes que han confiando en BPM para la b\u00fasqueda de Directivos y Mandos en distintas \u00e1reas: Servicios Centrales (Riesgos, Marketing &amp; CRM) Banca Comercial Gestoras de Fondos y Banca Privada Banca [&hellip;]<\/p>\n","protected":false},"author":3,"featured_media":0,"parent":0,"menu_order":0,"comment_status":"closed","ping_status":"closed","template":"","meta":[],"yoast_head":"<!-- This site is optimized with the Yoast SEO plugin v15.6.2 - https:\/\/yoast.com\/wordpress\/plugins\/seo\/ -->\n<title>Other sectors - BPM Executive Search<\/title>\n<meta name=\"robots\" content=\"index, follow, max-snippet:-1, max-image-preview:large, max-video-preview:-1\" \/>\n<link rel=\"canonical\" href=\"https:\/\/www.bpmes.es\/otros-sectores\/\" \/>\n<meta property=\"og:locale\" content=\"en_US\" \/>\n<meta property=\"og:type\" content=\"article\" \/>\n<meta property=\"og:title\" content=\"Other sectors - BPM Executive Search\" \/>\n<meta property=\"og:description\" content=\"Headhunting, Selecci\u00f3n de Directivos, Assessment Center y Evaluaci\u00f3n de Personal Nuestra experiencia en el \u00e1rea de Servicios Financieros, est\u00e1 avalada por una selecci\u00f3n de clientes que han confiando en BPM para la b\u00fasqueda de Directivos y Mandos en distintas \u00e1reas: Servicios Centrales (Riesgos, Marketing &amp; CRM) Banca Comercial Gestoras de Fondos y Banca Privada Banca [&hellip;]\" \/>\n<meta property=\"og:url\" content=\"https:\/\/www.bpmes.es\/otros-sectores\/\" \/>\n<meta property=\"og:site_name\" content=\"BPM Executive Search\" \/>\n<meta property=\"article:modified_time\" content=\"2017-11-10T11:16:55+00:00\" \/>\n<meta name=\"twitter:card\" content=\"summary_large_image\" \/>\n<meta name=\"twitter:label1\" content=\"Est. reading time\">\n\t<meta name=\"twitter:data1\" content=\"9 minutes\">\n<script type=\"application\/ld+json\" class=\"yoast-schema-graph\">{\"@context\":\"https:\/\/schema.org\",\"@graph\":[{\"@type\":\"Organization\",\"@id\":\"https:\/\/www.bpmes.es\/#organization\",\"name\":\"BPM Profesionales & Managers\",\"url\":\"https:\/\/www.bpmes.es\/\",\"sameAs\":[],\"logo\":{\"@type\":\"ImageObject\",\"@id\":\"https:\/\/www.bpmes.es\/#logo\",\"inLanguage\":\"en-US\",\"url\":\"https:\/\/www.bpmes.es\/wp-content\/uploads\/2017\/07\/logotipo-bpmes.jpg\",\"width\":756,\"height\":220,\"caption\":\"BPM Profesionales & Managers\"},\"image\":{\"@id\":\"https:\/\/www.bpmes.es\/#logo\"}},{\"@type\":\"WebSite\",\"@id\":\"https:\/\/www.bpmes.es\/#website\",\"url\":\"https:\/\/www.bpmes.es\/\",\"name\":\"BPM Executive Search\",\"description\":\"Profesionales &amp; Managers\",\"publisher\":{\"@id\":\"https:\/\/www.bpmes.es\/#organization\"},\"potentialAction\":[{\"@type\":\"SearchAction\",\"target\":\"https:\/\/www.bpmes.es\/?s={search_term_string}\",\"query-input\":\"required name=search_term_string\"}],\"inLanguage\":\"en-US\"},{\"@type\":\"WebPage\",\"@id\":\"https:\/\/www.bpmes.es\/otros-sectores\/#webpage\",\"url\":\"https:\/\/www.bpmes.es\/otros-sectores\/\",\"name\":\"Other sectors - BPM Executive Search\",\"isPartOf\":{\"@id\":\"https:\/\/www.bpmes.es\/#website\"},\"datePublished\":\"2017-06-08T13:13:17+00:00\",\"dateModified\":\"2017-11-10T11:16:55+00:00\",\"breadcrumb\":{\"@id\":\"https:\/\/www.bpmes.es\/otros-sectores\/#breadcrumb\"},\"inLanguage\":\"en-US\",\"potentialAction\":[{\"@type\":\"ReadAction\",\"target\":[\"https:\/\/www.bpmes.es\/otros-sectores\/\"]}]},{\"@type\":\"BreadcrumbList\",\"@id\":\"https:\/\/www.bpmes.es\/otros-sectores\/#breadcrumb\",\"itemListElement\":[{\"@type\":\"ListItem\",\"position\":1,\"item\":{\"@type\":\"WebPage\",\"@id\":\"https:\/\/www.bpmes.es\/\",\"url\":\"https:\/\/www.bpmes.es\/\",\"name\":\"Home\"}},{\"@type\":\"ListItem\",\"position\":2,\"item\":{\"@type\":\"WebPage\",\"@id\":\"https:\/\/www.bpmes.es\/otros-sectores\/\",\"url\":\"https:\/\/www.bpmes.es\/otros-sectores\/\",\"name\":\"Otros sectores\"}}]}]}<\/script>\n<!-- \/ Yoast SEO plugin. -->","_links":{"self":[{"href":"https:\/\/www.bpmes.es\/en\/wp-json\/wp\/v2\/pages\/1768"}],"collection":[{"href":"https:\/\/www.bpmes.es\/en\/wp-json\/wp\/v2\/pages"}],"about":[{"href":"https:\/\/www.bpmes.es\/en\/wp-json\/wp\/v2\/types\/page"}],"author":[{"embeddable":true,"href":"https:\/\/www.bpmes.es\/en\/wp-json\/wp\/v2\/users\/3"}],"replies":[{"embeddable":true,"href":"https:\/\/www.bpmes.es\/en\/wp-json\/wp\/v2\/comments?post=1768"}],"version-history":[{"count":37,"href":"https:\/\/www.bpmes.es\/en\/wp-json\/wp\/v2\/pages\/1768\/revisions"}],"predecessor-version":[{"id":3398,"href":"https:\/\/www.bpmes.es\/en\/wp-json\/wp\/v2\/pages\/1768\/revisions\/3398"}],"wp:attachment":[{"href":"https:\/\/www.bpmes.es\/en\/wp-json\/wp\/v2\/media?parent=1768"}],"curies":[{"name":"wp","href":"https:\/\/api.w.org\/{rel}","templated":true}]}}