{"id":4872,"date":"2024-06-28T13:57:42","date_gmt":"2024-06-28T11:57:42","guid":{"rendered":"https:\/\/www.bpmes.es\/?page_id=4872"},"modified":"2024-07-11T22:11:53","modified_gmt":"2024-07-11T20:11:53","slug":"bpmes-30-aniversario","status":"publish","type":"page","link":"https:\/\/www.bpmes.es\/en\/bpmes-30-aniversario\/","title":{"rendered":"BPMES &#8211; 30 aniversario"},"content":{"rendered":"<p style=\"text-align: center;\"><span style=\"color: #004c2d;\"><strong>BPM Executive Search, l\u00edder en la b\u00fasqueda de talento, celebra su 30 aniversario. <\/strong><\/span><\/p>\n<p style=\"text-align: center;\">Desde su fundaci\u00f3n en 1994, BPM Executive Search, especializada en publicidad, marketing, comunicaci\u00f3n y digital ha sido pionera en conectar a las empresas con los profesionales m\u00e1s talentosos del sector, contribuyendo significativamente al crecimiento y \u00e9xito de innumerables organizaciones y carreras de profesionales. BPM forma parte de <span style=\"color: #004c2d;\"><strong>Horton International<\/strong><\/span>, red de reconocido prestigio en el mundo del headhunting que opera en m\u00e1s de 35 pa\u00edses a nivel global.<\/p>\n<p style=\"text-align: center;\">Durante estas tres d\u00e9cadas, BPM Executive Search ha demostrado un compromiso inquebrantable con la <span style=\"color: #004c2d;\"><strong>excelencia y la innovaci\u00f3n en la industria del recruiting<\/strong><\/span>. BPM Executive Search est\u00e1 formada por directivos y empresarios que asesoran y se implican m\u00e1s all\u00e1 de la selecci\u00f3n de perfiles de alta cualificaci\u00f3n, considerando el proceso de integraci\u00f3n y el impacto que acompa\u00f1a a la incorporaci\u00f3n de talento de alto valor en las organizaciones. Desde sus inicios, la empresa ha llevado a cabo una evoluci\u00f3n constante para adaptarse a las cambiantes demandas del mercado, incorporando tecnolog\u00edas avanzadas y estrategias de vanguardia para identificar y atraer a los mejores talentos. Esta capacidad de adaptaci\u00f3n le ha permitido mantener su posici\u00f3n como referente, ayudando a empresas a encontrar l\u00edderes que impulsen su desarrollo y competitividad en un entorno cada vez m\u00e1s digitalizado y cambiante.<\/p>\n<p style=\"text-align: center;\">Para conmemorar este hito, BPM Executive Search lanzar\u00e1 una campa\u00f1a en redes sociales llamada <span style=\"color: #004c2d;\"><strong>#BPM30a\u00f1os+<\/strong><\/span> donde se recoger\u00e1n testimonios de profesionales de referencia sobre la evoluci\u00f3n del mercado en los \u00faltimos 30 a\u00f1os.<\/p>\n<p style=\"text-align: center;\">Con la vista puesta en el futuro, BPM Executive Search reafirma su compromiso de seguir ofreciendo a los mejores profesionales y soluciones personalizadas, innovadoras y de alta calidad, consolid\u00e1ndose como el aliado estrat\u00e9gico ideal para las empresas que buscan seguir creciendo y consolidarse como l\u00edderes en su sector.<\/p>\n","protected":false},"excerpt":{"rendered":"<p>BPM Executive Search, l\u00edder en la b\u00fasqueda de talento, celebra su 30 aniversario. Desde su fundaci\u00f3n en 1994, BPM Executive Search, especializada en publicidad, marketing, comunicaci\u00f3n y digital ha sido pionera en conectar a las empresas con los profesionales m\u00e1s talentosos del sector, contribuyendo significativamente al crecimiento y \u00e9xito de innumerables organizaciones y carreras de [&hellip;]<\/p>\n","protected":false},"author":10,"featured_media":0,"parent":0,"menu_order":0,"comment_status":"closed","ping_status":"closed","template":"template-testimonios-home.php","meta":[],"yoast_head":"<!-- This site is optimized with the Yoast SEO plugin v15.6.2 - https:\/\/yoast.com\/wordpress\/plugins\/seo\/ -->\n<title>BPMES - 30 aniversario - BPM Executive Search<\/title>\n<meta name=\"robots\" content=\"index, follow, max-snippet:-1, max-image-preview:large, max-video-preview:-1\" \/>\n<link rel=\"canonical\" href=\"https:\/\/www.bpmes.es\/bpmes-30-aniversario\/\" \/>\n<meta property=\"og:locale\" content=\"en_US\" \/>\n<meta property=\"og:type\" content=\"article\" \/>\n<meta property=\"og:title\" content=\"BPMES - 30 aniversario - BPM Executive Search\" \/>\n<meta property=\"og:description\" content=\"BPM Executive Search, l\u00edder en la b\u00fasqueda de talento, celebra su 30 aniversario. Desde su fundaci\u00f3n en 1994, BPM Executive Search, especializada en publicidad, marketing, comunicaci\u00f3n y digital ha sido pionera en conectar a las empresas con los profesionales m\u00e1s talentosos del sector, contribuyendo significativamente al crecimiento y \u00e9xito de innumerables organizaciones y carreras de [&hellip;]\" \/>\n<meta property=\"og:url\" content=\"https:\/\/www.bpmes.es\/bpmes-30-aniversario\/\" \/>\n<meta property=\"og:site_name\" content=\"BPM Executive Search\" \/>\n<meta property=\"article:modified_time\" content=\"2024-07-11T20:11:53+00:00\" \/>\n<meta name=\"twitter:card\" content=\"summary_large_image\" \/>\n<meta name=\"twitter:label1\" content=\"Est. reading time\">\n\t<meta name=\"twitter:data1\" content=\"2 minutes\">\n<script type=\"application\/ld+json\" class=\"yoast-schema-graph\">{\"@context\":\"https:\/\/schema.org\",\"@graph\":[{\"@type\":\"Organization\",\"@id\":\"https:\/\/www.bpmes.es\/#organization\",\"name\":\"BPM Profesionales & Managers\",\"url\":\"https:\/\/www.bpmes.es\/\",\"sameAs\":[],\"logo\":{\"@type\":\"ImageObject\",\"@id\":\"https:\/\/www.bpmes.es\/#logo\",\"inLanguage\":\"en-US\",\"url\":\"https:\/\/www.bpmes.es\/wp-content\/uploads\/2017\/07\/logotipo-bpmes.jpg\",\"width\":756,\"height\":220,\"caption\":\"BPM Profesionales & Managers\"},\"image\":{\"@id\":\"https:\/\/www.bpmes.es\/#logo\"}},{\"@type\":\"WebSite\",\"@id\":\"https:\/\/www.bpmes.es\/#website\",\"url\":\"https:\/\/www.bpmes.es\/\",\"name\":\"BPM Executive Search\",\"description\":\"Profesionales &amp; Managers\",\"publisher\":{\"@id\":\"https:\/\/www.bpmes.es\/#organization\"},\"potentialAction\":[{\"@type\":\"SearchAction\",\"target\":\"https:\/\/www.bpmes.es\/?s={search_term_string}\",\"query-input\":\"required name=search_term_string\"}],\"inLanguage\":\"en-US\"},{\"@type\":\"WebPage\",\"@id\":\"https:\/\/www.bpmes.es\/bpmes-30-aniversario\/#webpage\",\"url\":\"https:\/\/www.bpmes.es\/bpmes-30-aniversario\/\",\"name\":\"BPMES - 30 aniversario - BPM Executive Search\",\"isPartOf\":{\"@id\":\"https:\/\/www.bpmes.es\/#website\"},\"datePublished\":\"2024-06-28T11:57:42+00:00\",\"dateModified\":\"2024-07-11T20:11:53+00:00\",\"breadcrumb\":{\"@id\":\"https:\/\/www.bpmes.es\/bpmes-30-aniversario\/#breadcrumb\"},\"inLanguage\":\"en-US\",\"potentialAction\":[{\"@type\":\"ReadAction\",\"target\":[\"https:\/\/www.bpmes.es\/bpmes-30-aniversario\/\"]}]},{\"@type\":\"BreadcrumbList\",\"@id\":\"https:\/\/www.bpmes.es\/bpmes-30-aniversario\/#breadcrumb\",\"itemListElement\":[{\"@type\":\"ListItem\",\"position\":1,\"item\":{\"@type\":\"WebPage\",\"@id\":\"https:\/\/www.bpmes.es\/\",\"url\":\"https:\/\/www.bpmes.es\/\",\"name\":\"Home\"}},{\"@type\":\"ListItem\",\"position\":2,\"item\":{\"@type\":\"WebPage\",\"@id\":\"https:\/\/www.bpmes.es\/bpmes-30-aniversario\/\",\"url\":\"https:\/\/www.bpmes.es\/bpmes-30-aniversario\/\",\"name\":\"BPMES &#8211; 30 aniversario\"}}]}]}<\/script>\n<!-- \/ Yoast SEO plugin. -->","_links":{"self":[{"href":"https:\/\/www.bpmes.es\/en\/wp-json\/wp\/v2\/pages\/4872"}],"collection":[{"href":"https:\/\/www.bpmes.es\/en\/wp-json\/wp\/v2\/pages"}],"about":[{"href":"https:\/\/www.bpmes.es\/en\/wp-json\/wp\/v2\/types\/page"}],"author":[{"embeddable":true,"href":"https:\/\/www.bpmes.es\/en\/wp-json\/wp\/v2\/users\/10"}],"replies":[{"embeddable":true,"href":"https:\/\/www.bpmes.es\/en\/wp-json\/wp\/v2\/comments?post=4872"}],"version-history":[{"count":9,"href":"https:\/\/www.bpmes.es\/en\/wp-json\/wp\/v2\/pages\/4872\/revisions"}],"predecessor-version":[{"id":4884,"href":"https:\/\/www.bpmes.es\/en\/wp-json\/wp\/v2\/pages\/4872\/revisions\/4884"}],"wp:attachment":[{"href":"https:\/\/www.bpmes.es\/en\/wp-json\/wp\/v2\/media?parent=4872"}],"curies":[{"name":"wp","href":"https:\/\/api.w.org\/{rel}","templated":true}]}}