{"id":4887,"date":"2024-09-05T14:12:28","date_gmt":"2024-09-05T12:12:28","guid":{"rendered":"https:\/\/www.bpmes.es\/?page_id=4887"},"modified":"2024-09-06T11:30:31","modified_gmt":"2024-09-06T09:30:31","slug":"inicio-2","status":"publish","type":"page","link":"https:\/\/www.bpmes.es\/en\/home-2\/","title":{"rendered":"Home"},"content":{"rendered":"","protected":false},"excerpt":{"rendered":"","protected":false},"author":3,"featured_media":3505,"parent":0,"menu_order":0,"comment_status":"closed","ping_status":"closed","template":"template-home.php","meta":[],"yoast_head":"<!-- This site is optimized with the Yoast SEO plugin v15.6.2 - https:\/\/yoast.com\/wordpress\/plugins\/seo\/ -->\n<title>BPM Executive Search<\/title>\n<meta name=\"description\" content=\"M\u00e1s de 30 a\u00f1os en la b\u00fasqueda de talento. Busqueda de Ejecutivos, Headhunters, Directivos, Profesionales cualificados en las \u00e1reas de Medios, Publicidad, Ventas, Marketing, Digital Marketing, Comunicaci\u00f3n.\" \/>\n<meta name=\"robots\" content=\"index, follow, max-snippet:-1, max-image-preview:large, max-video-preview:-1\" \/>\n<link rel=\"canonical\" href=\"https:\/\/www.bpmes.es\/inicio-2\/\" \/>\n<meta property=\"og:locale\" content=\"en_US\" \/>\n<meta property=\"og:type\" content=\"article\" \/>\n<meta property=\"og:title\" content=\"BPM Executive Search\" \/>\n<meta property=\"og:description\" content=\"M\u00e1s de 30 a\u00f1os en la b\u00fasqueda de talento. Busqueda de Ejecutivos, Headhunters, Directivos, Profesionales cualificados en las \u00e1reas de Medios, Publicidad, Ventas, Marketing, Digital Marketing, Comunicaci\u00f3n.\" \/>\n<meta property=\"og:url\" content=\"https:\/\/www.bpmes.es\/inicio-2\/\" \/>\n<meta property=\"og:site_name\" content=\"BPM Executive Search\" \/>\n<meta property=\"article:modified_time\" content=\"2024-09-06T09:30:31+00:00\" \/>\n<meta property=\"og:image\" content=\"https:\/\/www.bpmes.es\/wp-content\/uploads\/2018\/01\/consultores-inicio.jpg\" \/>\n\t<meta property=\"og:image:width\" content=\"1600\" \/>\n\t<meta property=\"og:image:height\" content=\"480\" \/>\n<meta name=\"twitter:card\" content=\"summary_large_image\" \/>\n<script type=\"application\/ld+json\" class=\"yoast-schema-graph\">{\"@context\":\"https:\/\/schema.org\",\"@graph\":[{\"@type\":\"Organization\",\"@id\":\"https:\/\/www.bpmes.es\/#organization\",\"name\":\"BPM Profesionales & Managers\",\"url\":\"https:\/\/www.bpmes.es\/\",\"sameAs\":[],\"logo\":{\"@type\":\"ImageObject\",\"@id\":\"https:\/\/www.bpmes.es\/#logo\",\"inLanguage\":\"en-US\",\"url\":\"https:\/\/www.bpmes.es\/wp-content\/uploads\/2017\/07\/logotipo-bpmes.jpg\",\"width\":756,\"height\":220,\"caption\":\"BPM Profesionales & Managers\"},\"image\":{\"@id\":\"https:\/\/www.bpmes.es\/#logo\"}},{\"@type\":\"WebSite\",\"@id\":\"https:\/\/www.bpmes.es\/#website\",\"url\":\"https:\/\/www.bpmes.es\/\",\"name\":\"BPM Executive Search\",\"description\":\"Profesionales &amp; Managers\",\"publisher\":{\"@id\":\"https:\/\/www.bpmes.es\/#organization\"},\"potentialAction\":[{\"@type\":\"SearchAction\",\"target\":\"https:\/\/www.bpmes.es\/?s={search_term_string}\",\"query-input\":\"required name=search_term_string\"}],\"inLanguage\":\"en-US\"},{\"@type\":\"ImageObject\",\"@id\":\"https:\/\/www.bpmes.es\/inicio-2\/#primaryimage\",\"inLanguage\":\"en-US\",\"url\":\"https:\/\/www.bpmes.es\/wp-content\/uploads\/2018\/01\/consultores-inicio.jpg\",\"width\":1600,\"height\":480,\"caption\":\"BPMES Inicio Experiencia\"},{\"@type\":\"WebPage\",\"@id\":\"https:\/\/www.bpmes.es\/inicio-2\/#webpage\",\"url\":\"https:\/\/www.bpmes.es\/inicio-2\/\",\"name\":\"BPM Executive Search\",\"isPartOf\":{\"@id\":\"https:\/\/www.bpmes.es\/#website\"},\"primaryImageOfPage\":{\"@id\":\"https:\/\/www.bpmes.es\/inicio-2\/#primaryimage\"},\"datePublished\":\"2024-09-05T12:12:28+00:00\",\"dateModified\":\"2024-09-06T09:30:31+00:00\",\"description\":\"M\\u00e1s de 30 a\\u00f1os en la b\\u00fasqueda de talento. Busqueda de Ejecutivos, Headhunters, Directivos, Profesionales cualificados en las \\u00e1reas de Medios, Publicidad, Ventas, Marketing, Digital Marketing, Comunicaci\\u00f3n.\",\"breadcrumb\":{\"@id\":\"https:\/\/www.bpmes.es\/inicio-2\/#breadcrumb\"},\"inLanguage\":\"en-US\",\"potentialAction\":[{\"@type\":\"ReadAction\",\"target\":[\"https:\/\/www.bpmes.es\/inicio-2\/\"]}]},{\"@type\":\"BreadcrumbList\",\"@id\":\"https:\/\/www.bpmes.es\/inicio-2\/#breadcrumb\",\"itemListElement\":[{\"@type\":\"ListItem\",\"position\":1,\"item\":{\"@type\":\"WebPage\",\"@id\":\"https:\/\/www.bpmes.es\/\",\"url\":\"https:\/\/www.bpmes.es\/\",\"name\":\"Home\"}},{\"@type\":\"ListItem\",\"position\":2,\"item\":{\"@type\":\"WebPage\",\"@id\":\"https:\/\/www.bpmes.es\/inicio-2\/\",\"url\":\"https:\/\/www.bpmes.es\/inicio-2\/\",\"name\":\"Inicio\"}}]}]}<\/script>\n<!-- \/ Yoast SEO plugin. -->","_links":{"self":[{"href":"https:\/\/www.bpmes.es\/en\/wp-json\/wp\/v2\/pages\/4887"}],"collection":[{"href":"https:\/\/www.bpmes.es\/en\/wp-json\/wp\/v2\/pages"}],"about":[{"href":"https:\/\/www.bpmes.es\/en\/wp-json\/wp\/v2\/types\/page"}],"author":[{"embeddable":true,"href":"https:\/\/www.bpmes.es\/en\/wp-json\/wp\/v2\/users\/3"}],"replies":[{"embeddable":true,"href":"https:\/\/www.bpmes.es\/en\/wp-json\/wp\/v2\/comments?post=4887"}],"version-history":[{"count":2,"href":"https:\/\/www.bpmes.es\/en\/wp-json\/wp\/v2\/pages\/4887\/revisions"}],"predecessor-version":[{"id":4892,"href":"https:\/\/www.bpmes.es\/en\/wp-json\/wp\/v2\/pages\/4887\/revisions\/4892"}],"wp:featuredmedia":[{"embeddable":true,"href":"https:\/\/www.bpmes.es\/en\/wp-json\/wp\/v2\/media\/3505"}],"wp:attachment":[{"href":"https:\/\/www.bpmes.es\/en\/wp-json\/wp\/v2\/media?parent=4887"}],"curies":[{"name":"wp","href":"https:\/\/api.w.org\/{rel}","templated":true}]}}