{"id":543,"date":"2017-04-16T20:51:31","date_gmt":"2017-04-16T18:51:31","guid":{"rendered":"http:\/\/www.bpmes.es\/?page_id=543"},"modified":"2017-11-06T17:55:13","modified_gmt":"2017-11-06T16:55:13","slug":"nosotros","status":"publish","type":"page","link":"https:\/\/www.bpmes.es\/en\/nosotros\/","title":{"rendered":"About Us"},"content":{"rendered":"<p><\/p>\n<p style=\"text-align: justify;\">En <span style=\"color: #c90132;\"><strong>BPM<\/strong><\/span> somos expertos en buscar y desarrollar el talento en las organizaciones.<\/p>\n<p style=\"text-align: justify;\">Sabemos que el motor de una empresa es su equipo humano.<\/p>\n<p style=\"text-align: justify;\">Por eso, desde hace m\u00e1s de 25 a\u00f1os prestamos nuestros servicios de <span style=\"color: #c90132;\">B\u00fasqueda de Directivos y Consultor\u00eda de Recursos Humanos<\/span>, tanto si una empresa desea captar un profesional de referencia como si quiere evaluar un equipo dentro de su propia organizaci\u00f3n.<\/p>\n<p style=\"text-align: justify;\">El talento es garant\u00eda de \u00e9xito y <strong><span style=\"color: #c90132;\">BPM<\/span><\/strong> ayuda a encontrarlo.<\/p>\n<p><\/p>\n<p>Solicite un estudio personalizado para la posici\u00f3n que busca.<\/p>\n<p><\/p>\n<p>Para formar parte de nuestra bolsa de candidatos, env\u00ede sus datos.<\/p>\n<p><\/p>\n<p style=\"text-align: justify;\">En <span style=\"color: #c90132;\"><strong>BPM<\/strong><\/span> is a team of experts in finding and developing talent in organizations<\/p>\n<p style=\"text-align: justify;\">We know that the driving force behind any enterprise is its staff.<\/p>\n<p style=\"text-align: justify;\">And for more than 25 years, we have provided our <span style=\"color: #c90132;\">Executive Search and Human Resources Consultancy<\/span> services, both for companies wishing to hire a top executive and for those keen to evaluate a specific team within the organization.<\/p>\n<p style=\"text-align: justify;\">Talent is a guarantee of success and <strong><span style=\"color: #c90132;\">BPM<\/span><\/strong> helps find it.<\/p>\n<p><\/p>\n<p>Request a custom-designed search for the position you wish to cover.<\/p>\n<p><\/p>\n<p>Send us your details in order to join our database of candidates.<\/p>\n<p><\/p>\n","protected":false},"excerpt":{"rendered":"<p>En BPM somos expertos en buscar y desarrollar el talento en las organizaciones. Sabemos que el motor de una empresa es su equipo humano. Por eso, desde hace m\u00e1s de 25 a\u00f1os prestamos nuestros servicios de B\u00fasqueda de Directivos y Consultor\u00eda de Recursos Humanos, tanto si una empresa desea captar un profesional de referencia como [&hellip;]<\/p>\n","protected":false},"author":3,"featured_media":0,"parent":0,"menu_order":0,"comment_status":"closed","ping_status":"closed","template":"","meta":[],"yoast_head":"<!-- This site is optimized with the Yoast SEO plugin v15.6.2 - https:\/\/yoast.com\/wordpress\/plugins\/seo\/ -->\n<title>About Us - BPM Executive Search<\/title>\n<meta name=\"robots\" content=\"index, follow, max-snippet:-1, max-image-preview:large, max-video-preview:-1\" \/>\n<link rel=\"canonical\" href=\"https:\/\/www.bpmes.es\/nosotros\/\" \/>\n<meta property=\"og:locale\" content=\"en_US\" \/>\n<meta property=\"og:type\" content=\"article\" \/>\n<meta property=\"og:title\" content=\"About Us - BPM Executive Search\" \/>\n<meta property=\"og:description\" content=\"En BPM somos expertos en buscar y desarrollar el talento en las organizaciones. Sabemos que el motor de una empresa es su equipo humano. Por eso, desde hace m\u00e1s de 25 a\u00f1os prestamos nuestros servicios de B\u00fasqueda de Directivos y Consultor\u00eda de Recursos Humanos, tanto si una empresa desea captar un profesional de referencia como [&hellip;]\" \/>\n<meta property=\"og:url\" content=\"https:\/\/www.bpmes.es\/nosotros\/\" \/>\n<meta property=\"og:site_name\" content=\"BPM Executive Search\" \/>\n<meta property=\"article:modified_time\" content=\"2017-11-06T16:55:13+00:00\" \/>\n<meta name=\"twitter:card\" content=\"summary_large_image\" \/>\n<meta name=\"twitter:label1\" content=\"Est. reading time\">\n\t<meta name=\"twitter:data1\" content=\"7 minutes\">\n<script type=\"application\/ld+json\" class=\"yoast-schema-graph\">{\"@context\":\"https:\/\/schema.org\",\"@graph\":[{\"@type\":\"Organization\",\"@id\":\"https:\/\/www.bpmes.es\/#organization\",\"name\":\"BPM Profesionales & Managers\",\"url\":\"https:\/\/www.bpmes.es\/\",\"sameAs\":[],\"logo\":{\"@type\":\"ImageObject\",\"@id\":\"https:\/\/www.bpmes.es\/#logo\",\"inLanguage\":\"en-US\",\"url\":\"https:\/\/www.bpmes.es\/wp-content\/uploads\/2017\/07\/logotipo-bpmes.jpg\",\"width\":756,\"height\":220,\"caption\":\"BPM Profesionales & Managers\"},\"image\":{\"@id\":\"https:\/\/www.bpmes.es\/#logo\"}},{\"@type\":\"WebSite\",\"@id\":\"https:\/\/www.bpmes.es\/#website\",\"url\":\"https:\/\/www.bpmes.es\/\",\"name\":\"BPM Executive Search\",\"description\":\"Profesionales &amp; Managers\",\"publisher\":{\"@id\":\"https:\/\/www.bpmes.es\/#organization\"},\"potentialAction\":[{\"@type\":\"SearchAction\",\"target\":\"https:\/\/www.bpmes.es\/?s={search_term_string}\",\"query-input\":\"required name=search_term_string\"}],\"inLanguage\":\"en-US\"},{\"@type\":\"WebPage\",\"@id\":\"https:\/\/www.bpmes.es\/nosotros\/#webpage\",\"url\":\"https:\/\/www.bpmes.es\/nosotros\/\",\"name\":\"About Us - BPM Executive Search\",\"isPartOf\":{\"@id\":\"https:\/\/www.bpmes.es\/#website\"},\"datePublished\":\"2017-04-16T18:51:31+00:00\",\"dateModified\":\"2017-11-06T16:55:13+00:00\",\"breadcrumb\":{\"@id\":\"https:\/\/www.bpmes.es\/nosotros\/#breadcrumb\"},\"inLanguage\":\"en-US\",\"potentialAction\":[{\"@type\":\"ReadAction\",\"target\":[\"https:\/\/www.bpmes.es\/nosotros\/\"]}]},{\"@type\":\"BreadcrumbList\",\"@id\":\"https:\/\/www.bpmes.es\/nosotros\/#breadcrumb\",\"itemListElement\":[{\"@type\":\"ListItem\",\"position\":1,\"item\":{\"@type\":\"WebPage\",\"@id\":\"https:\/\/www.bpmes.es\/\",\"url\":\"https:\/\/www.bpmes.es\/\",\"name\":\"Home\"}},{\"@type\":\"ListItem\",\"position\":2,\"item\":{\"@type\":\"WebPage\",\"@id\":\"https:\/\/www.bpmes.es\/nosotros\/\",\"url\":\"https:\/\/www.bpmes.es\/nosotros\/\",\"name\":\"Nosotros\"}}]}]}<\/script>\n<!-- \/ Yoast SEO plugin. -->","_links":{"self":[{"href":"https:\/\/www.bpmes.es\/en\/wp-json\/wp\/v2\/pages\/543"}],"collection":[{"href":"https:\/\/www.bpmes.es\/en\/wp-json\/wp\/v2\/pages"}],"about":[{"href":"https:\/\/www.bpmes.es\/en\/wp-json\/wp\/v2\/types\/page"}],"author":[{"embeddable":true,"href":"https:\/\/www.bpmes.es\/en\/wp-json\/wp\/v2\/users\/3"}],"replies":[{"embeddable":true,"href":"https:\/\/www.bpmes.es\/en\/wp-json\/wp\/v2\/comments?post=543"}],"version-history":[{"count":161,"href":"https:\/\/www.bpmes.es\/en\/wp-json\/wp\/v2\/pages\/543\/revisions"}],"predecessor-version":[{"id":3361,"href":"https:\/\/www.bpmes.es\/en\/wp-json\/wp\/v2\/pages\/543\/revisions\/3361"}],"wp:attachment":[{"href":"https:\/\/www.bpmes.es\/en\/wp-json\/wp\/v2\/media?parent=543"}],"curies":[{"name":"wp","href":"https:\/\/api.w.org\/{rel}","templated":true}]}}