{"id":659,"date":"2017-04-17T00:45:42","date_gmt":"2017-04-16T22:45:42","guid":{"rendered":"http:\/\/www.bpmes.es\/?page_id=659"},"modified":"2024-05-23T22:27:27","modified_gmt":"2024-05-23T20:27:27","slug":"politica-de-privacidad","status":"publish","type":"page","link":"https:\/\/www.bpmes.es\/en\/data-protection-policy\/","title":{"rendered":"Data Protection Policy"},"content":{"rendered":"<p><\/p>\n<h2><span style=\"color: #004c2d;\">La protecci\u00f3n de sus datos personales y la privacidad, son muy importantes para nosotros.<\/span><\/h2>\n<p><span style=\"color: #004c2d;\"><b>Pol\u00edtica de Privacidad y Protecci\u00f3n de Datos de Car\u00e1cter personal<\/b><\/span><\/p>\n<p>Actualizada a 25 de mayo de 2018<\/p>\n<p>En BPM Profesionales and Managers Executive Search S.L. (en adelante BPM) llevamos m\u00e1s de 25 a\u00f1os realizando b\u00fasquedas de profesionales en Publicidad, Medios de Comunicaci\u00f3n, Compa\u00f1\u00edas de Gran Consumo y Servicios, desarrollando una metodolog\u00eda de trabajo rigurosa que asegura la rapidez, confidencialidad y garant\u00edas que requiere un proceso de selecci\u00f3n de personal.<\/p>\n<p>Para ello nos comprometemos al cumplimiento de lo establecido en el Reglamento General de Protecci\u00f3n de Datos &#8211; UE 2016\/679 de fecha 27 de abril de 2016, correspondiente al tratamiento de los datos de car\u00e1cter personal (incluida su foto, si fuera el caso). Nuestro compromiso se extiende a nuestros candidatos, clientes y usuarios de nuestra p\u00e1gina web.<\/p>\n<p>Asimismo, le informamos de la posibilidad que tiene Ud. de ejercer los derechos de acceso, rectificaci\u00f3n, supresi\u00f3n, oposici\u00f3n, portabilidad, y limitaci\u00f3n de sus datos de car\u00e1cter personal mediante escrito, acompa\u00f1ado de una copia de su DNI dirigido a:<\/p>\n<p><span style=\"color: #004c2d;\"><b>BPM, Profesionales &amp; Managers Executive Search, S.L.<br \/>\n<\/b><b>Dpto. Recursos Humanos &#8211; RGPD<br \/>\n<\/b><b>Calle Hermosilla 48, 1\u00ba Derecha<br \/>\n<\/b><\/span><span style=\"color: #8e112e;\"><b><span style=\"color: #004c2d;\">28001 Madrid. ESPA\u00d1A<\/span><br \/>\n<\/b><\/span><\/p>\n<p>O bien, dirigir un correo electr\u00f3nico a la direcci\u00f3n:<b> <\/b><b>rgpd@bpmes.es<\/b><\/p>\n<p><span style=\"color: #004c2d;\"><strong>1.- \u00bfCu\u00e1les son los datos que recopilamos y con qu\u00e9 finalidad los tratamos?<\/strong><\/span><\/p>\n<p>Al margen de todos los datos que usted incluya en su CV, nosotros le podemos preguntar su edad, estado civil, formaci\u00f3n, trayectoria profesional, datos sobre su retribuci\u00f3n actual, invitarle a realizar pruebas psicom\u00e9tricas o de aptitud, etc. O cualquier otro dato personal permitido por el RGPD, pudiendo en algunos casos verificar su informaci\u00f3n aportada.<\/p>\n<p>El tratamiento que BPM va a hacer de sus datos es la gesti\u00f3n de las peticiones formuladas por los usuarios a trav\u00e9s de nuestros formularios, siempre y cuando est\u00e9n relacionadas con el \u00e1mbito legal de nuestros fines y actividades; destacando:<\/p>\n<ul>\n<li>Para la celebraci\u00f3n de un contrato, entre BPM y los clientes; entre los clientes y el candidato.<\/li>\n<li>Cuando usted forme parte de un proceso de selecci\u00f3n, sus datos ser\u00e1n compartidos con aquellos clientes que ofrezcan puestos de trabajo y que el mismo sea de su inter\u00e9s.<\/li>\n<li>En aquellos casos que sus datos sean requeridos por un organismo regulador o por autoridades policiales.<\/li>\n<li>En aquellos casos que sus datos personales sean de inter\u00e9s leg\u00edtimo ante terceros, para el curso del proceso de selecci\u00f3n, coaching y evaluaci\u00f3n.<\/li>\n<li>Los clientes garantizan por escrito a BPM, a su vez, que los datos recibidos ser\u00e1n tratados con car\u00e1cter confidencial para que nuestras operaciones se lleven a cabo de forma apropiada y eficiente.<\/li>\n<\/ul>\n<p><span style=\"color: #004c2d;\"><strong>2.- \u00bfQui\u00e9n es el responsable del Tratamiento de los datos personales facilitados?<\/strong><\/span><\/p>\n<p>De acuerdo con el establecido en el Reglamento (UE) 2016\/679, del Parlamento Europeo y del Consejo, de 27 de abril de 2016, relativo a la protecci\u00f3n de las personas f\u00edsicas en lo que respecta al tratamiento de datos personales y a la libre circulaci\u00f3n de estos datos (Reglamento general de protecci\u00f3n de datos), le informamos que los datos facilitados a trav\u00e9s del presente formulario de contacto ser\u00e1n tratados por BPM PROFESIONALES &amp; MANAGERS EXECUTIVE SEARCH SL, con NIF B80800196 y direcci\u00f3n Calle Hermosilla n\u00ba48, 1\u00ba Derecha, 28001 Madrid. Tfno. +34 91 319 03 05.<\/p>\n<p><span style=\"color: #004c2d;\"><strong>3.- \u00bfCu\u00e1l es la base legal del tratamiento de sus datos personales?<\/strong><\/span><\/p>\n<p>La base legal del tratamiento de sus datos personales es el consentimiento prestado por usted, a trav\u00e9s de la casilla de verificaci\u00f3n habilitada al efecto, situada junto al formulario del contacto. El interesado tendr\u00e1 derecho a retirar su consentimiento en cualquier momento, dirigi\u00e9ndose bien por escrito a la direcci\u00f3n social o al correo habilitado para ello que se ha indicado en esta Pol\u00edtica de Privacidad.<\/p>\n<p><span style=\"color: #004c2d;\"><strong>4.- \u00bfPor cu\u00e1nto tiempo conservaremos sus datos personales?<\/strong><\/span><\/p>\n<p>Los datos ser\u00e1n conservados durante el tiempo necesario para la realizaci\u00f3n de las actividades anteriormente detalladas, sin embrago y dado que nuestra funci\u00f3n es ayudar a los candidatos a optar por puestos de trabajo a lo largo de su trayectoria profesional, salvo su renuncia expresa, los conservaremos durante varios a\u00f1os.<\/p>\n<p>Con cierta regularidad se proceder\u00e1 a la revisi\u00f3n de antig\u00fcedad de los mismos y a su actualizaci\u00f3n o borrado de nuestra base de datos.<\/p>\n<p>Recuerde que usted puede ejercer su derecho de derechos de acceso, rectificaci\u00f3n, supresi\u00f3n, oposici\u00f3n, portabilidad, y limitaci\u00f3n de sus datos de car\u00e1cter personal mediante escrito, acompa\u00f1ado de una copia de su DNI, en cualquier momento.<\/p>\n<p><span style=\"color: #004c2d;\"><strong>5.- \u00bfA qu\u00e9 destinatarios se comunicar\u00e1n sus datos personales?<\/strong><\/span><\/p>\n<p>A los clientes vinculados con la oferta profesional, terceros de confianza (para casos de verificaci\u00f3n), organismos reguladores y autoridades policiales, as\u00ed como a los empleados y socios de BPM.<\/p>\n<p>BPM siempre acuerda a trav\u00e9s del compromiso firmado por nuestros clientes \/ proveedores, de servicios, los derechos y obligaciones que deben respetar seg\u00fan las leyes aplicables.<\/p>\n<p><span style=\"color: #004c2d;\"><strong>6.- \u00bfCu\u00e1les son sus derechos cuando nos facilita sus datos personales?<\/strong><\/span><\/p>\n<p>El interesado podr\u00e1 ejercitar los derechos detallados a continuaci\u00f3n, acompa\u00f1ando su petici\u00f3n de una copia de documento fehaciente de identificaci\u00f3n (DNI, NIE, etc.) y dirigi\u00e9ndose por escrito a la direcci\u00f3n social o al correo habilitado para ello, que se ha indicado en esta Pol\u00edtica de Privacidad<\/p>\n<ul>\n<li><b>Derecho de acceso<\/b>: El Interesado tiene derecho a obtener de BPM confirmaci\u00f3n de si se est\u00e1n tratando o no datos personales que le conciernen y, en tal caso, derecho de acceso a los datos personales.<\/li>\n<li><b>Derecho de rectificaci\u00f3n:<\/b>\u00a0El Interesado tiene derecho a solicitar la rectificaci\u00f3n de los datos personales inexactos que le conciernan. El interesado, asimismo, teniendo en cuenta los fines del tratamiento, tendr\u00e1 derecho a que se completen los datos personales que sean incompletos, inclusive mediante una declaraci\u00f3n adicional.<\/li>\n<li><b>Derecho a la supresi\u00f3n:<\/b>\u00a0El Interesado tiene derecho a obtener la supresi\u00f3n de sus datos personales, siempre y cuando concurra alguna de las circunstancias previstas en el art\u00edculo 17 del Reglamento General de Protecci\u00f3n de Datos.<\/li>\n<li><b>Derecho a la limitaci\u00f3n del tratamiento:<\/b>\u00a0El Interesado tiene derecho a obtener la limitaci\u00f3n del tratamiento de datos personales, siempre que se cumpla alguna de las condiciones establecidas en el art\u00edculo 18 del Reglamento General de Protecci\u00f3n de Datos. En este caso, los datos solo podr\u00e1n ser objeto de tratamiento, con excepci\u00f3n de su conservaci\u00f3n, con el consentimiento del interesado o para la formulaci\u00f3n, el ejercicio o la defensa de reclamaciones.<\/li>\n<li><b>Derecho de oposici\u00f3n:\u00a0<\/b>El Interesado tiene derecho en determinadas circunstancias y por motivos relacionados con su situaci\u00f3n particular, a oponerse al tratamiento de sus datos personales, de acuerdo con lo establecido en el art\u00edculo 21 del Reglamento General de Protecci\u00f3n de Datos.<\/li>\n<li><b>Derecho a la portabilidad de los datos:\u00a0<\/b>El Interesado tiene derecho a recibir datos personales que le incumben, que haya facilitado a un responsable del tratamiento, en un formato estructurado, de uso com\u00fan y lectura mec\u00e1nica, y a transmitirlos a otro responsable del tratamiento sin que lo impida el responsable al que se los hubiera facilitado, siempre y cuando se cumplan las condiciones establecidas en el art\u00edculo 20 del Reglamento General de Protecci\u00f3n de Datos.<\/li>\n<\/ul>\n<p><span style=\"color: #004c2d;\"><strong>7.- Cambios en la Pol\u00edtica de Privacidad<\/strong><\/span><\/p>\n<p>BPM se reserva la facultad de modificar la presente Pol\u00edtica de Privacidad para adaptarla a las novedades legislativas, jurisprudenciales o de interpretaci\u00f3n de la Agencia Espa\u00f1ola de Protecci\u00f3n de Datos.<\/p>\n<p>&nbsp;<\/p>\n<p><\/p>\n<h2><span style=\"color: #004c2d;\">Data protection and privacy are very important to BPM<\/span><\/h2>\n<p style=\"color: #8e112e;\"><span style=\"color: #004c2d;\"><b>DATA PROTECTION POLICY<\/b><\/span><\/p>\n<p>Updated May 25, 2018<\/p>\n<p>BPM Profesionales and Managers Executive Search S.L., (BPM) has been performing searches for professionals in Advertising, Media, Consumer Goods and Services for over 25 years. During all this time, we have developed a rigorous work methodology that ensures the speedy, confidentiality and guarantees required by a personnel selection process.<\/p>\n<p>BPM is committed to compliance with the General Data Protection Regulation- EU 2016\/679 dated April 27, 2016, with regard to the processing of personal data (including your image, if applicable). Our commitment extends to our candidates, customers and users of our website.<\/p>\n<p>We inform you of the possibility that you have to apply the rights of data access, demand the rectification or deletion of data, portability, and restrict of your personal data.<\/p>\n<p>Please send us a letter with a copy of your ID, to this address:<\/p>\n<p><span style=\"color: #004c2d;\"><b>BPM, Profesionales &amp; Managers Executive Search, S.L.<br \/>\n<\/b><b>Department of Human Resources &#8211; GDPR<br \/>\n<\/b><b>Calle Hermosilla n\u00ba48 1\u00baD<br \/>\n<\/b><b>28001 Madrid. SPAIN<\/b><\/span><\/p>\n<p>Or, send us an email to the address<b>: <\/b><a href=\"mailto:rgpd@bpmes.es\"><b>rgpd@bpmes.es<\/b><\/a><\/p>\n<p><span style=\"color: #004c2d;\"><strong>1.- Scope and goals of this data protection policy<\/strong><\/span><\/p>\n<p>We pay special attention to confidentiality of and access rights to personal data.<\/p>\n<p>In addition to the data personal included in your CV, we can ask you your age, marital status, degree certificate, professional career, data on your current gross salary, invite you to complete psychometric or aptitude tests, etc., or any other personal data allowed by the GDPR. BPM may verify your information provided.<\/p>\n<p><span style=\"color: #004c2d;\"><strong>2.- Responsibilities and Processing data on behalf of BPM<\/strong><\/span><\/p>\n<p>In accordance with the provisions of Regulation (EU) 2016\/679, of the European Parliament and of the Council, of April 27, 2016, concerning the protection of natural persons with regard to the processing of personal data and free movement of these data (General Data Protection Regulation), we inform you that the data provided will be treated by BPM PROFESIONALES &amp; MANAGERS EXECUTIVE SEARCH SL, tax identification: CIF B80800196 and address calle Hermosilla No. 48, 1\u00baD, 28001 Madrid. Spain. Telephone number +34 91 319 03 05.<\/p>\n<p>When transferring personal data to third parties, BPM normally agrees in a separate written agreement the rights and obligations of the service provider in accordance with the applicable laws.<\/p>\n<p><span style=\"color: #004c2d;\"><strong>3.- Legal basis of the processing of your personal data<\/strong><\/span><\/p>\n<p>The legal basis of the processing of your personal data is the consent given by you, through the checkbox enabled for this purpose, located in this website.<\/p>\n<p>You have the right to withdraw your consent at any time, by writing to the address indicated or to the email indicated in this Privacy Policy<\/p>\n<p><span style=\"color: #004c2d;\"><strong>4.- Data retention period <\/strong><\/span><\/p>\n<p>We strive to store the personal data in a form from which the data subject is identifiable for as long as it is necessary to achieve the purpose of the data processing. However, and since our function is to help candidates obtain better jobs throughout their professional career, except for their express resignation, we will keep them for several years.<\/p>\n<p>With certain regularity we will proceed to the review of the age of the data and we will proceed to update or delete our database.<\/p>\n<p>Remember, the data subject may exercise its rights at any time.<\/p>\n<p>We act in a transparent manner. We will ensure in our operations that the rights of the data subject will be taken care of, and that the data subjects are appropriately informed, and that his\/her requests are responded swiftly.<\/p>\n<p><span style=\"color: #004c2d;\"><strong>5.- Third parties<\/strong><\/span><\/p>\n<p>BPM will only transfer your personal data to its executive search assignment clients.<\/p>\n<p>BPM engages subcontractors to perform parts of the service, such as companies performing candidate testing services. They may have access to personal data so that they can perform<\/p>\n<p>When transferring personal data to third parties, BPM always agrees in a separate written agreement the rights and obligations of the service provider in accordance with the applicable laws.<\/p>\n<p><span style=\"color: #004c2d;\"><strong>6.- Respecting the rights of the data subject<\/strong><\/span><\/p>\n<p>We will ensure that we will inform the data subjects appropriately and in a timely manner of the processing of data and their rights regarding data processing. The data subject has the right to inspect data, the right to be forgotten, the right to data portability, the right to object automated individual decision making such as profiling, demand the rectification and the deletion of data, as well as the right to object and restrict the processing of data belong to the rights of a data subject<\/p>\n<p><span style=\"color: #004c2d;\"><strong>7-. Changes in the Privacy Policy<\/strong><\/span><\/p>\n<p>BPM reserves the right to modify this Privacy Policy to adapt it to the legislative, jurisprudential or interpretation news of the \u201cSpanish Agency for Data Protection\u201d.<\/p>\n<p><\/p>\n","protected":false},"excerpt":{"rendered":"<p>La protecci\u00f3n de sus datos personales y la privacidad, son muy importantes para nosotros. Pol\u00edtica de Privacidad y Protecci\u00f3n de Datos de Car\u00e1cter personal Actualizada a 25 de mayo de 2018 En BPM Profesionales and Managers Executive Search S.L. (en adelante BPM) llevamos m\u00e1s de 25 a\u00f1os realizando b\u00fasquedas de profesionales en Publicidad, Medios de [&hellip;]<\/p>\n","protected":false},"author":3,"featured_media":0,"parent":0,"menu_order":0,"comment_status":"closed","ping_status":"closed","template":"","meta":[],"yoast_head":"<!-- This site is optimized with the Yoast SEO plugin v15.6.2 - https:\/\/yoast.com\/wordpress\/plugins\/seo\/ -->\n<title>Data Protection Policy - BPM Executive Search<\/title>\n<meta name=\"robots\" content=\"index, follow, max-snippet:-1, max-image-preview:large, max-video-preview:-1\" \/>\n<link rel=\"canonical\" href=\"https:\/\/www.bpmes.es\/politica-de-privacidad\/\" \/>\n<meta property=\"og:locale\" content=\"en_US\" \/>\n<meta property=\"og:type\" content=\"article\" \/>\n<meta property=\"og:title\" content=\"Data Protection Policy - BPM Executive Search\" \/>\n<meta property=\"og:description\" content=\"La protecci\u00f3n de sus datos personales y la privacidad, son muy importantes para nosotros. Pol\u00edtica de Privacidad y Protecci\u00f3n de Datos de Car\u00e1cter personal Actualizada a 25 de mayo de 2018 En BPM Profesionales and Managers Executive Search S.L. (en adelante BPM) llevamos m\u00e1s de 25 a\u00f1os realizando b\u00fasquedas de profesionales en Publicidad, Medios de [&hellip;]\" \/>\n<meta property=\"og:url\" content=\"https:\/\/www.bpmes.es\/politica-de-privacidad\/\" \/>\n<meta property=\"og:site_name\" content=\"BPM Executive Search\" \/>\n<meta property=\"article:modified_time\" content=\"2024-05-23T20:27:27+00:00\" \/>\n<meta name=\"twitter:card\" content=\"summary_large_image\" \/>\n<meta name=\"twitter:label1\" content=\"Est. reading time\">\n\t<meta name=\"twitter:data1\" content=\"9 minutes\">\n<script type=\"application\/ld+json\" class=\"yoast-schema-graph\">{\"@context\":\"https:\/\/schema.org\",\"@graph\":[{\"@type\":\"Organization\",\"@id\":\"https:\/\/www.bpmes.es\/#organization\",\"name\":\"BPM Profesionales & Managers\",\"url\":\"https:\/\/www.bpmes.es\/\",\"sameAs\":[],\"logo\":{\"@type\":\"ImageObject\",\"@id\":\"https:\/\/www.bpmes.es\/#logo\",\"inLanguage\":\"en-US\",\"url\":\"https:\/\/www.bpmes.es\/wp-content\/uploads\/2017\/07\/logotipo-bpmes.jpg\",\"width\":756,\"height\":220,\"caption\":\"BPM Profesionales & Managers\"},\"image\":{\"@id\":\"https:\/\/www.bpmes.es\/#logo\"}},{\"@type\":\"WebSite\",\"@id\":\"https:\/\/www.bpmes.es\/#website\",\"url\":\"https:\/\/www.bpmes.es\/\",\"name\":\"BPM Executive Search\",\"description\":\"Profesionales &amp; Managers\",\"publisher\":{\"@id\":\"https:\/\/www.bpmes.es\/#organization\"},\"potentialAction\":[{\"@type\":\"SearchAction\",\"target\":\"https:\/\/www.bpmes.es\/?s={search_term_string}\",\"query-input\":\"required name=search_term_string\"}],\"inLanguage\":\"en-US\"},{\"@type\":\"WebPage\",\"@id\":\"https:\/\/www.bpmes.es\/politica-de-privacidad\/#webpage\",\"url\":\"https:\/\/www.bpmes.es\/politica-de-privacidad\/\",\"name\":\"Data Protection Policy - BPM Executive Search\",\"isPartOf\":{\"@id\":\"https:\/\/www.bpmes.es\/#website\"},\"datePublished\":\"2017-04-16T22:45:42+00:00\",\"dateModified\":\"2024-05-23T20:27:27+00:00\",\"breadcrumb\":{\"@id\":\"https:\/\/www.bpmes.es\/politica-de-privacidad\/#breadcrumb\"},\"inLanguage\":\"en-US\",\"potentialAction\":[{\"@type\":\"ReadAction\",\"target\":[\"https:\/\/www.bpmes.es\/politica-de-privacidad\/\"]}]},{\"@type\":\"BreadcrumbList\",\"@id\":\"https:\/\/www.bpmes.es\/politica-de-privacidad\/#breadcrumb\",\"itemListElement\":[{\"@type\":\"ListItem\",\"position\":1,\"item\":{\"@type\":\"WebPage\",\"@id\":\"https:\/\/www.bpmes.es\/\",\"url\":\"https:\/\/www.bpmes.es\/\",\"name\":\"Home\"}},{\"@type\":\"ListItem\",\"position\":2,\"item\":{\"@type\":\"WebPage\",\"@id\":\"https:\/\/www.bpmes.es\/politica-de-privacidad\/\",\"url\":\"https:\/\/www.bpmes.es\/politica-de-privacidad\/\",\"name\":\"Pol\\u00edtica de privacidad\"}}]}]}<\/script>\n<!-- \/ Yoast SEO plugin. -->","_links":{"self":[{"href":"https:\/\/www.bpmes.es\/en\/wp-json\/wp\/v2\/pages\/659"}],"collection":[{"href":"https:\/\/www.bpmes.es\/en\/wp-json\/wp\/v2\/pages"}],"about":[{"href":"https:\/\/www.bpmes.es\/en\/wp-json\/wp\/v2\/types\/page"}],"author":[{"embeddable":true,"href":"https:\/\/www.bpmes.es\/en\/wp-json\/wp\/v2\/users\/3"}],"replies":[{"embeddable":true,"href":"https:\/\/www.bpmes.es\/en\/wp-json\/wp\/v2\/comments?post=659"}],"version-history":[{"count":52,"href":"https:\/\/www.bpmes.es\/en\/wp-json\/wp\/v2\/pages\/659\/revisions"}],"predecessor-version":[{"id":4863,"href":"https:\/\/www.bpmes.es\/en\/wp-json\/wp\/v2\/pages\/659\/revisions\/4863"}],"wp:attachment":[{"href":"https:\/\/www.bpmes.es\/en\/wp-json\/wp\/v2\/media?parent=659"}],"curies":[{"name":"wp","href":"https:\/\/api.w.org\/{rel}","templated":true}]}}